{"id":803,"date":"2023-06-14T21:11:17","date_gmt":"2023-06-15T03:11:17","guid":{"rendered":"https:\/\/moviecrazyplanet.com\/?page_id=803"},"modified":"2023-07-12T23:57:23","modified_gmt":"2023-07-13T05:57:23","slug":"noticias","status":"publish","type":"page","link":"https:\/\/moviecrazyplanet.com\/?page_id=803","title":{"rendered":"Noticias"},"content":{"rendered":"<div class=\"bs-blog-category\"><\/div>\n<h2 class=\"title\"><a href=\"https:\/\/moviecrazyplanet.com\/?p=911\">\u00a15 a\u00f1os de Cin\u00e9polis +QUE CINE!<\/a><\/h2>\n<p><img loading=\"lazy\" decoding=\"async\" class=\"alignnone size-medium wp-image-912\" src=\"http:\/\/moviecrazyplanet.com\/wp-content\/uploads\/2023\/07\/WhatsApp-Image-2023-07-12-at-3.32.51-PM-300x300.jpeg\" alt=\"\" width=\"300\" height=\"300\" srcset=\"https:\/\/moviecrazyplanet.com\/wp-content\/uploads\/2023\/07\/WhatsApp-Image-2023-07-12-at-3.32.51-PM-300x300.jpeg 300w, https:\/\/moviecrazyplanet.com\/wp-content\/uploads\/2023\/07\/WhatsApp-Image-2023-07-12-at-3.32.51-PM-150x150.jpeg 150w, https:\/\/moviecrazyplanet.com\/wp-content\/uploads\/2023\/07\/WhatsApp-Image-2023-07-12-at-3.32.51-PM.jpeg 400w\" sizes=\"auto, (max-width: 300px) 100vw, 300px\" \/><\/p>\n<p>&nbsp;<\/p>\n<p>&nbsp;<\/p>\n<h2 class=\"title\"><a href=\"https:\/\/moviecrazyplanet.com\/?p=907\">ODESZA: The Last Goodbye Cinematic Experience a trav\u00e9s de Cin\u00e9polis +QUE CINE<\/a><\/h2>\n<h2><img loading=\"lazy\" decoding=\"async\" class=\"alignnone size-medium wp-image-908\" src=\"http:\/\/moviecrazyplanet.com\/wp-content\/uploads\/2023\/07\/WhatsApp-Image-2023-07-12-at-7.24.27-AM-300x203.jpeg\" alt=\"\" width=\"300\" height=\"203\" srcset=\"https:\/\/moviecrazyplanet.com\/wp-content\/uploads\/2023\/07\/WhatsApp-Image-2023-07-12-at-7.24.27-AM-300x203.jpeg 300w, https:\/\/moviecrazyplanet.com\/wp-content\/uploads\/2023\/07\/WhatsApp-Image-2023-07-12-at-7.24.27-AM.jpeg 512w\" sizes=\"auto, (max-width: 300px) 100vw, 300px\" \/><\/h2>\n<h2><\/h2>\n<h2><\/h2>\n<p>&nbsp;<\/p>\n<p>&nbsp;<\/p>\n<h2 class=\"title\"><a href=\"https:\/\/moviecrazyplanet.com\/?p=901\">\u201cBarbie\u201d en Spotify<\/a><\/h2>\n<h2><img loading=\"lazy\" decoding=\"async\" class=\"alignnone size-medium wp-image-902\" src=\"http:\/\/moviecrazyplanet.com\/wp-content\/uploads\/2023\/07\/WhatsApp-Image-2023-07-12-at-7.23.22-AM-e1689225195708-300x300.jpeg\" alt=\"\" width=\"300\" height=\"300\" srcset=\"https:\/\/moviecrazyplanet.com\/wp-content\/uploads\/2023\/07\/WhatsApp-Image-2023-07-12-at-7.23.22-AM-e1689225195708-300x300.jpeg 300w, https:\/\/moviecrazyplanet.com\/wp-content\/uploads\/2023\/07\/WhatsApp-Image-2023-07-12-at-7.23.22-AM-e1689225195708-150x150.jpeg 150w, https:\/\/moviecrazyplanet.com\/wp-content\/uploads\/2023\/07\/WhatsApp-Image-2023-07-12-at-7.23.22-AM-e1689225195708.jpeg 500w\" sizes=\"auto, (max-width: 300px) 100vw, 300px\" \/><\/h2>\n<h2><\/h2>\n<h2><\/h2>\n<p>&nbsp;<\/p>\n<p>&nbsp;<\/p>\n<h2 class=\"title\"><a href=\"https:\/\/moviecrazyplanet.com\/?p=897\">Primer p\u00f3ster de \u201cAfter Para Siempre\u201d.<\/a><\/h2>\n<p><img loading=\"lazy\" decoding=\"async\" class=\"alignnone size-medium wp-image-899\" src=\"http:\/\/moviecrazyplanet.com\/wp-content\/uploads\/2023\/07\/WhatsApp-Image-2023-07-12-at-7.21.07-AM-300x203.jpeg\" alt=\"\" width=\"300\" height=\"203\" srcset=\"https:\/\/moviecrazyplanet.com\/wp-content\/uploads\/2023\/07\/WhatsApp-Image-2023-07-12-at-7.21.07-AM-300x203.jpeg 300w, https:\/\/moviecrazyplanet.com\/wp-content\/uploads\/2023\/07\/WhatsApp-Image-2023-07-12-at-7.21.07-AM-1024x692.jpeg 1024w, https:\/\/moviecrazyplanet.com\/wp-content\/uploads\/2023\/07\/WhatsApp-Image-2023-07-12-at-7.21.07-AM-768x519.jpeg 768w, https:\/\/moviecrazyplanet.com\/wp-content\/uploads\/2023\/07\/WhatsApp-Image-2023-07-12-at-7.21.07-AM.jpeg 1080w\" sizes=\"auto, (max-width: 300px) 100vw, 300px\" \/><\/p>\n<p>&nbsp;<\/p>\n<p>&nbsp;<\/p>\n<h2><\/h2>\n<p>&nbsp;<\/p>\n<p>&nbsp;<\/p>\n<h2 class=\"title\"><a href=\"https:\/\/moviecrazyplanet.com\/?p=841\">Sony Pictures presenta el tr\u00e1iler de Napole\u00f3n.<\/a><\/h2>\n<p><img loading=\"lazy\" decoding=\"async\" class=\"alignnone size-medium wp-image-844\" src=\"http:\/\/moviecrazyplanet.com\/wp-content\/uploads\/2023\/07\/WhatsApp-Image-2023-07-10-at-7.30.24-PM-300x221.jpeg\" alt=\"\" width=\"300\" height=\"221\" srcset=\"https:\/\/moviecrazyplanet.com\/wp-content\/uploads\/2023\/07\/WhatsApp-Image-2023-07-10-at-7.30.24-PM-300x221.jpeg 300w, https:\/\/moviecrazyplanet.com\/wp-content\/uploads\/2023\/07\/WhatsApp-Image-2023-07-10-at-7.30.24-PM-768x566.jpeg 768w, https:\/\/moviecrazyplanet.com\/wp-content\/uploads\/2023\/07\/WhatsApp-Image-2023-07-10-at-7.30.24-PM.jpeg 960w\" sizes=\"auto, (max-width: 300px) 100vw, 300px\" \/><\/p>\n<p>&nbsp;<\/p>\n<p>&nbsp;<\/p>\n<h2><a href=\"https:\/\/moviecrazyplanet.com\/?p=840\">Hugh Jackman con el traje de Wolverine en \u201cDeadpool 3\u201d.<\/a><\/h2>\n<p><img loading=\"lazy\" decoding=\"async\" class=\"alignnone size-medium wp-image-853\" src=\"http:\/\/moviecrazyplanet.com\/wp-content\/uploads\/2023\/07\/WhatsApp-Image-2023-07-10-at-7.35.37-PM-300x200.jpeg\" alt=\"\" width=\"300\" height=\"200\" srcset=\"https:\/\/moviecrazyplanet.com\/wp-content\/uploads\/2023\/07\/WhatsApp-Image-2023-07-10-at-7.35.37-PM-300x200.jpeg 300w, https:\/\/moviecrazyplanet.com\/wp-content\/uploads\/2023\/07\/WhatsApp-Image-2023-07-10-at-7.35.37-PM-1024x683.jpeg 1024w, https:\/\/moviecrazyplanet.com\/wp-content\/uploads\/2023\/07\/WhatsApp-Image-2023-07-10-at-7.35.37-PM-768x512.jpeg 768w, https:\/\/moviecrazyplanet.com\/wp-content\/uploads\/2023\/07\/WhatsApp-Image-2023-07-10-at-7.35.37-PM-1536x1024.jpeg 1536w, https:\/\/moviecrazyplanet.com\/wp-content\/uploads\/2023\/07\/WhatsApp-Image-2023-07-10-at-7.35.37-PM.jpeg 1600w\" sizes=\"auto, (max-width: 300px) 100vw, 300px\" \/><\/p>\n<h2><\/h2>\n<p>&nbsp;<\/p>\n<p>&nbsp;<\/p>\n<h2 class=\"title\"><a title=\"Enlace permanente a: Nuevas fechas de estreno del UCM.\" href=\"https:\/\/moviecrazyplanet.com\/?p=791\">Nuevas fechas de estreno del UCM.<\/a><\/h2>\n<p><img loading=\"lazy\" decoding=\"async\" class=\"alignnone size-medium wp-image-800\" src=\"http:\/\/moviecrazyplanet.com\/wp-content\/uploads\/2023\/06\/WhatsApp-Image-2023-06-13-at-5.43.20-PM-300x168.jpeg\" alt=\"\" width=\"300\" height=\"168\" srcset=\"https:\/\/moviecrazyplanet.com\/wp-content\/uploads\/2023\/06\/WhatsApp-Image-2023-06-13-at-5.43.20-PM-300x168.jpeg 300w, https:\/\/moviecrazyplanet.com\/wp-content\/uploads\/2023\/06\/WhatsApp-Image-2023-06-13-at-5.43.20-PM.jpeg 739w\" sizes=\"auto, (max-width: 300px) 100vw, 300px\" \/><\/p>\n<p>&nbsp;<\/p>\n<p>&nbsp;<\/p>\n","protected":false},"excerpt":{"rendered":"<p>\u00a15 a\u00f1os de Cin\u00e9polis +QUE CINE! &nbsp; &nbsp; ODESZA: The Last Goodbye Cinematic Experience a trav\u00e9s de Cin\u00e9polis +QUE CINE &nbsp; &nbsp; \u201cBarbie\u201d en Spotify &nbsp; &nbsp; Primer p\u00f3ster de \u201cAfter Para Siempre\u201d. &nbsp; &nbsp; &nbsp; &nbsp; Sony Pictures presenta el tr\u00e1iler de Napole\u00f3n. &nbsp; &nbsp; Hugh Jackman con el traje de Wolverine en \u201cDeadpool [&hellip;]<\/p>\n","protected":false},"author":1,"featured_media":0,"parent":0,"menu_order":0,"comment_status":"closed","ping_status":"closed","template":"","meta":{"footnotes":""},"class_list":["post-803","page","type-page","status-publish","hentry"],"_links":{"self":[{"href":"https:\/\/moviecrazyplanet.com\/index.php?rest_route=\/wp\/v2\/pages\/803","targetHints":{"allow":["GET"]}}],"collection":[{"href":"https:\/\/moviecrazyplanet.com\/index.php?rest_route=\/wp\/v2\/pages"}],"about":[{"href":"https:\/\/moviecrazyplanet.com\/index.php?rest_route=\/wp\/v2\/types\/page"}],"author":[{"embeddable":true,"href":"https:\/\/moviecrazyplanet.com\/index.php?rest_route=\/wp\/v2\/users\/1"}],"replies":[{"embeddable":true,"href":"https:\/\/moviecrazyplanet.com\/index.php?rest_route=%2Fwp%2Fv2%2Fcomments&post=803"}],"version-history":[{"count":13,"href":"https:\/\/moviecrazyplanet.com\/index.php?rest_route=\/wp\/v2\/pages\/803\/revisions"}],"predecessor-version":[{"id":931,"href":"https:\/\/moviecrazyplanet.com\/index.php?rest_route=\/wp\/v2\/pages\/803\/revisions\/931"}],"wp:attachment":[{"href":"https:\/\/moviecrazyplanet.com\/index.php?rest_route=%2Fwp%2Fv2%2Fmedia&parent=803"}],"curies":[{"name":"wp","href":"https:\/\/api.w.org\/{rel}","templated":true}]}}