{"id":876,"date":"2023-07-11T20:33:41","date_gmt":"2023-07-12T02:33:41","guid":{"rendered":"https:\/\/moviecrazyplanet.com\/?page_id=876"},"modified":"2023-07-12T23:59:48","modified_gmt":"2023-07-13T05:59:48","slug":"trailers","status":"publish","type":"page","link":"https:\/\/moviecrazyplanet.com\/?page_id=876","title":{"rendered":"Trailers"},"content":{"rendered":"<div class=\"bs-blog-category\"><\/div>\n<div>\n<h2 class=\"title\"><a href=\"https:\/\/moviecrazyplanet.com\/?p=891\">Tener fe no es suficiente: \u201cLa Monja 2\u201d<\/a><\/h2>\n<\/div>\n<div><img loading=\"lazy\" decoding=\"async\" class=\"alignnone size-medium wp-image-892\" src=\"http:\/\/moviecrazyplanet.com\/wp-content\/uploads\/2023\/07\/WhatsApp-Image-2023-07-12-at-7.19.29-AM-300x168.jpeg\" alt=\"\" width=\"300\" height=\"168\" srcset=\"https:\/\/moviecrazyplanet.com\/wp-content\/uploads\/2023\/07\/WhatsApp-Image-2023-07-12-at-7.19.29-AM-300x168.jpeg 300w, https:\/\/moviecrazyplanet.com\/wp-content\/uploads\/2023\/07\/WhatsApp-Image-2023-07-12-at-7.19.29-AM.jpeg 739w\" sizes=\"auto, (max-width: 300px) 100vw, 300px\" \/><\/div>\n<div><\/div>\n<div><\/div>\n<div><\/div>\n<div><\/div>\n<div><\/div>\n<div><\/div>\n<div><\/div>\n<div><\/div>\n<div><\/div>\n<p>&nbsp;<\/p>\n<p>&nbsp;<\/p>\n<h2 class=\"title\"><a href=\"https:\/\/moviecrazyplanet.com\/?p=872\">Primer tr\u00e1iler de \u201cWonka\u201d<\/a><\/h2>\n<p><img loading=\"lazy\" decoding=\"async\" class=\"alignnone size-medium wp-image-873\" src=\"http:\/\/moviecrazyplanet.com\/wp-content\/uploads\/2023\/07\/WhatsApp-Image-2023-07-11-at-3.38.31-PM-300x173.jpeg\" alt=\"\" width=\"300\" height=\"173\" srcset=\"https:\/\/moviecrazyplanet.com\/wp-content\/uploads\/2023\/07\/WhatsApp-Image-2023-07-11-at-3.38.31-PM-300x173.jpeg 300w, https:\/\/moviecrazyplanet.com\/wp-content\/uploads\/2023\/07\/WhatsApp-Image-2023-07-11-at-3.38.31-PM.jpeg 624w\" sizes=\"auto, (max-width: 300px) 100vw, 300px\" \/><\/p>\n<p>&nbsp;<\/p>\n<h2><\/h2>\n<p>&nbsp;<\/p>\n<p>&nbsp;<\/p>\n<h2><a href=\"https:\/\/moviecrazyplanet.com\/?p=841\">Sony Pictures presenta el tr\u00e1iler de Napole\u00f3n.<\/a><\/h2>\n<p><img loading=\"lazy\" decoding=\"async\" class=\"alignnone size-medium wp-image-844\" src=\"http:\/\/moviecrazyplanet.com\/wp-content\/uploads\/2023\/07\/WhatsApp-Image-2023-07-10-at-7.30.24-PM-300x221.jpeg\" alt=\"\" width=\"300\" height=\"221\" srcset=\"https:\/\/moviecrazyplanet.com\/wp-content\/uploads\/2023\/07\/WhatsApp-Image-2023-07-10-at-7.30.24-PM-300x221.jpeg 300w, https:\/\/moviecrazyplanet.com\/wp-content\/uploads\/2023\/07\/WhatsApp-Image-2023-07-10-at-7.30.24-PM-768x566.jpeg 768w, https:\/\/moviecrazyplanet.com\/wp-content\/uploads\/2023\/07\/WhatsApp-Image-2023-07-10-at-7.30.24-PM.jpeg 960w\" sizes=\"auto, (max-width: 300px) 100vw, 300px\" \/><\/p>\n<p>&nbsp;<\/p>\n<p>&nbsp;<\/p>\n<p>&nbsp;<\/p>\n<div class=\"bs-blog-category\">\n<div class=\"bs-blog-category\"><\/div>\n<\/div>\n<h2 class=\"title\"><a href=\"https:\/\/moviecrazyplanet.com\/?p=866\">Tr\u00e1iler final de \u201cBlue Beetle\u201d.<\/a><\/h2>\n<p><img loading=\"lazy\" decoding=\"async\" class=\"alignnone size-medium wp-image-870\" src=\"http:\/\/moviecrazyplanet.com\/wp-content\/uploads\/2023\/07\/WhatsApp-Image-2023-07-11-at-4.39.51-PM-300x148.jpeg\" alt=\"\" width=\"300\" height=\"148\" srcset=\"https:\/\/moviecrazyplanet.com\/wp-content\/uploads\/2023\/07\/WhatsApp-Image-2023-07-11-at-4.39.51-PM-300x148.jpeg 300w, https:\/\/moviecrazyplanet.com\/wp-content\/uploads\/2023\/07\/WhatsApp-Image-2023-07-11-at-4.39.51-PM.jpeg 729w\" sizes=\"auto, (max-width: 300px) 100vw, 300px\" \/><\/p>\n","protected":false},"excerpt":{"rendered":"<p>Tener fe no es suficiente: \u201cLa Monja 2\u201d &nbsp; &nbsp; Primer tr\u00e1iler de \u201cWonka\u201d &nbsp; &nbsp; &nbsp; Sony Pictures presenta el tr\u00e1iler de Napole\u00f3n. &nbsp; &nbsp; &nbsp; Tr\u00e1iler final de \u201cBlue Beetle\u201d.<\/p>\n","protected":false},"author":1,"featured_media":0,"parent":0,"menu_order":0,"comment_status":"closed","ping_status":"closed","template":"","meta":{"footnotes":""},"class_list":["post-876","page","type-page","status-publish","hentry"],"_links":{"self":[{"href":"https:\/\/moviecrazyplanet.com\/index.php?rest_route=\/wp\/v2\/pages\/876","targetHints":{"allow":["GET"]}}],"collection":[{"href":"https:\/\/moviecrazyplanet.com\/index.php?rest_route=\/wp\/v2\/pages"}],"about":[{"href":"https:\/\/moviecrazyplanet.com\/index.php?rest_route=\/wp\/v2\/types\/page"}],"author":[{"embeddable":true,"href":"https:\/\/moviecrazyplanet.com\/index.php?rest_route=\/wp\/v2\/users\/1"}],"replies":[{"embeddable":true,"href":"https:\/\/moviecrazyplanet.com\/index.php?rest_route=%2Fwp%2Fv2%2Fcomments&post=876"}],"version-history":[{"count":11,"href":"https:\/\/moviecrazyplanet.com\/index.php?rest_route=\/wp\/v2\/pages\/876\/revisions"}],"predecessor-version":[{"id":936,"href":"https:\/\/moviecrazyplanet.com\/index.php?rest_route=\/wp\/v2\/pages\/876\/revisions\/936"}],"wp:attachment":[{"href":"https:\/\/moviecrazyplanet.com\/index.php?rest_route=%2Fwp%2Fv2%2Fmedia&parent=876"}],"curies":[{"name":"wp","href":"https:\/\/api.w.org\/{rel}","templated":true}]}}